{"id":2965,"date":"2024-09-03T23:31:16","date_gmt":"2024-09-03T23:31:16","guid":{"rendered":"https:\/\/propertytraders.com.mx\/?page_id=2965"},"modified":"2024-11-19T16:36:11","modified_gmt":"2024-11-19T16:36:11","slug":"constructora-en-merida","status":"publish","type":"page","link":"https:\/\/propertytraders.com.mx\/index.php\/constructora-en-merida\/","title":{"rendered":"CONSTRUCTORA EN M\u00c9RIDA"},"content":{"rendered":"\t\t<div data-elementor-type=\"wp-page\" data-elementor-id=\"2965\" class=\"elementor elementor-2965\">\n\t\t\t\t<div class=\"elementor-element elementor-element-8a24499 elementor-hidden-mobile e-con-full e-flex e-con e-parent\" data-id=\"8a24499\" data-element_type=\"container\" data-settings=\"{&quot;background_background&quot;:&quot;classic&quot;}\">\n\t\t<div class=\"elementor-element elementor-element-b405c0f e-con-full e-flex e-con e-child\" data-id=\"b405c0f\" data-element_type=\"container\">\n\t\t\t\t<div class=\"elementor-element elementor-element-5769624 elementor-widget elementor-widget-spacer\" data-id=\"5769624\" data-element_type=\"widget\" data-widget_type=\"spacer.default\">\n\t\t\t\t<div class=\"elementor-widget-container\">\n\t\t\t<style>\/*! elementor - v3.23.0 - 05-08-2024 *\/\n.elementor-column .elementor-spacer-inner{height:var(--spacer-size)}.e-con{--container-widget-width:100%}.e-con-inner>.elementor-widget-spacer,.e-con>.elementor-widget-spacer{width:var(--container-widget-width,var(--spacer-size));--align-self:var(--container-widget-align-self,initial);--flex-shrink:0}.e-con-inner>.elementor-widget-spacer>.elementor-widget-container,.e-con>.elementor-widget-spacer>.elementor-widget-container{height:100%;width:100%}.e-con-inner>.elementor-widget-spacer>.elementor-widget-container>.elementor-spacer,.e-con>.elementor-widget-spacer>.elementor-widget-container>.elementor-spacer{height:100%}.e-con-inner>.elementor-widget-spacer>.elementor-widget-container>.elementor-spacer>.elementor-spacer-inner,.e-con>.elementor-widget-spacer>.elementor-widget-container>.elementor-spacer>.elementor-spacer-inner{height:var(--container-widget-height,var(--spacer-size))}.e-con-inner>.elementor-widget-spacer.elementor-widget-empty,.e-con>.elementor-widget-spacer.elementor-widget-empty{position:relative;min-height:22px;min-width:22px}.e-con-inner>.elementor-widget-spacer.elementor-widget-empty .elementor-widget-empty-icon,.e-con>.elementor-widget-spacer.elementor-widget-empty .elementor-widget-empty-icon{position:absolute;top:0;bottom:0;left:0;right:0;margin:auto;padding:0;width:22px;height:22px}<\/style>\t\t<div class=\"elementor-spacer\">\n\t\t\t<div class=\"elementor-spacer-inner\"><\/div>\n\t\t<\/div>\n\t\t\t\t<\/div>\n\t\t\t\t<\/div>\n\t\t\t\t<\/div>\n\t\t<div class=\"elementor-element elementor-element-5630d8d e-con-full e-flex e-con e-child\" data-id=\"5630d8d\" data-element_type=\"container\">\n\t\t\t\t<\/div>\n\t\t\t\t<\/div>\n\t\t<div class=\"elementor-element elementor-element-9db99ef elementor-hidden-desktop elementor-hidden-tablet e-flex e-con-boxed e-con e-parent\" data-id=\"9db99ef\" data-element_type=\"container\">\n\t\t\t\t\t<div class=\"e-con-inner\">\n\t\t\t\t<div class=\"elementor-element elementor-element-b904300 elementor-widget elementor-widget-image\" data-id=\"b904300\" data-element_type=\"widget\" data-widget_type=\"image.default\">\n\t\t\t\t<div class=\"elementor-widget-container\">\n\t\t\t<style>\/*! elementor - v3.23.0 - 05-08-2024 *\/\n.elementor-widget-image{text-align:center}.elementor-widget-image a{display:inline-block}.elementor-widget-image a img[src$=\".svg\"]{width:48px}.elementor-widget-image img{vertical-align:middle;display:inline-block}<\/style>\t\t\t\t\t\t\t\t\t\t<img fetchpriority=\"high\" decoding=\"async\" width=\"780\" height=\"439\" src=\"https:\/\/propertytraders.com.mx\/wp-content\/uploads\/2024\/10\/6-1024x576.jpg\" class=\"attachment-large size-large wp-image-4653\" alt=\"\" srcset=\"https:\/\/propertytraders.com.mx\/wp-content\/uploads\/2024\/10\/6-1024x576.jpg 1024w, https:\/\/propertytraders.com.mx\/wp-content\/uploads\/2024\/10\/6-300x169.jpg 300w, https:\/\/propertytraders.com.mx\/wp-content\/uploads\/2024\/10\/6-1536x864.jpg 1536w, https:\/\/propertytraders.com.mx\/wp-content\/uploads\/2024\/10\/6.jpg 1920w\" sizes=\"(max-width: 780px) 100vw, 780px\" \/>\t\t\t\t\t\t\t\t\t\t\t\t\t<\/div>\n\t\t\t\t<\/div>\n\t\t\t\t\t<\/div>\n\t\t\t\t<\/div>\n\t\t<div class=\"elementor-element elementor-element-4bf59f4 e-flex e-con-boxed e-con e-parent\" data-id=\"4bf59f4\" data-element_type=\"container\">\n\t\t\t\t\t<div class=\"e-con-inner\">\n\t\t\t\t<div class=\"elementor-element elementor-element-bda5c87 elementor-widget elementor-widget-spacer\" data-id=\"bda5c87\" data-element_type=\"widget\" data-widget_type=\"spacer.default\">\n\t\t\t\t<div class=\"elementor-widget-container\">\n\t\t\t\t\t<div class=\"elementor-spacer\">\n\t\t\t<div class=\"elementor-spacer-inner\"><\/div>\n\t\t<\/div>\n\t\t\t\t<\/div>\n\t\t\t\t<\/div>\n\t\t\t\t<div class=\"elementor-element elementor-element-f4c2426 elementor-widget elementor-widget-text-editor\" data-id=\"f4c2426\" data-element_type=\"widget\" data-widget_type=\"text-editor.default\">\n\t\t\t\t<div class=\"elementor-widget-container\">\n\t\t\t<style>\/*! elementor - v3.23.0 - 05-08-2024 *\/\n.elementor-widget-text-editor.elementor-drop-cap-view-stacked .elementor-drop-cap{background-color:#69727d;color:#fff}.elementor-widget-text-editor.elementor-drop-cap-view-framed .elementor-drop-cap{color:#69727d;border:3px solid;background-color:transparent}.elementor-widget-text-editor:not(.elementor-drop-cap-view-default) .elementor-drop-cap{margin-top:8px}.elementor-widget-text-editor:not(.elementor-drop-cap-view-default) .elementor-drop-cap-letter{width:1em;height:1em}.elementor-widget-text-editor .elementor-drop-cap{float:left;text-align:center;line-height:1;font-size:50px}.elementor-widget-text-editor .elementor-drop-cap-letter{display:inline-block}<\/style>\t\t\t\t<p>Dise\u00f1ado para propietarios de terrenos residenciales que desean maximizar el potencial de su propiedad. Nos encargamos de todo, desde el nacimiento y la construcci\u00f3n hasta la administraci\u00f3n de rentas, convirtiendo tu terreno en una fuente constante de ingresos. Con nuestra experiencia y enfoque integral, te ayudamos a aprovechar al m\u00e1ximo tu inversi\u00f3n en M\u00e9rida, una de las ciudades m\u00e1s seguras y con mayor crecimiento en M\u00e9xico.<\/p>\t\t\t\t\t\t<\/div>\n\t\t\t\t<\/div>\n\t\t\t\t\t<\/div>\n\t\t\t\t<\/div>\n\t\t<div class=\"elementor-element elementor-element-e0744fe elementor-hidden-tablet elementor-hidden-mobile e-flex e-con-boxed e-con e-parent\" data-id=\"e0744fe\" data-element_type=\"container\" data-settings=\"{&quot;background_background&quot;:&quot;classic&quot;}\">\n\t\t\t\t\t<div class=\"e-con-inner\">\n\t\t\t\t<div class=\"elementor-element elementor-element-fe0f55b elementor-widget elementor-widget-spacer\" data-id=\"fe0f55b\" data-element_type=\"widget\" data-widget_type=\"spacer.default\">\n\t\t\t\t<div class=\"elementor-widget-container\">\n\t\t\t\t\t<div class=\"elementor-spacer\">\n\t\t\t<div class=\"elementor-spacer-inner\"><\/div>\n\t\t<\/div>\n\t\t\t\t<\/div>\n\t\t\t\t<\/div>\n\t\t\t\t\t<\/div>\n\t\t\t\t<\/div>\n\t\t<div class=\"elementor-element elementor-element-11f7152 elementor-hidden-desktop e-flex e-con-boxed e-con e-parent\" data-id=\"11f7152\" data-element_type=\"container\">\n\t\t\t\t\t<div class=\"e-con-inner\">\n\t\t\t\t<div class=\"elementor-element elementor-element-eb400be elementor-widget elementor-widget-image\" data-id=\"eb400be\" data-element_type=\"widget\" data-widget_type=\"image.default\">\n\t\t\t\t<div class=\"elementor-widget-container\">\n\t\t\t\t\t\t\t\t\t\t\t\t\t<img decoding=\"async\" width=\"780\" height=\"325\" src=\"data:image\/svg+xml;charset=utf-8,%3Csvg xmlns%3D&#039;http%3A%2F%2Fwww.w3.org%2F2000%2Fsvg&#039; viewBox%3D&#039;0 0 1024 427&#039;%2F%3E\" class=\"attachment-large size-large wp-image-4422 ld-lazyload\" alt=\"\" data-src=\"https:\/\/propertytraders.com.mx\/wp-content\/uploads\/2024\/10\/Recurso-18@4x-1024x427.png\" data-srcset=\"https:\/\/propertytraders.com.mx\/wp-content\/uploads\/2024\/10\/Recurso-18@4x-1024x427.png 1024w, https:\/\/propertytraders.com.mx\/wp-content\/uploads\/2024\/10\/Recurso-18@4x-300x125.png 300w, https:\/\/propertytraders.com.mx\/wp-content\/uploads\/2024\/10\/Recurso-18@4x-1536x640.png 1536w, https:\/\/propertytraders.com.mx\/wp-content\/uploads\/2024\/10\/Recurso-18@4x-2048x853.png 2048w\" data-sizes=\"(max-width: 780px) 100vw, 780px\" data-aspect=\"2.3981264637002\" \/>\t\t\t\t\t\t\t\t\t\t\t\t\t<\/div>\n\t\t\t\t<\/div>\n\t\t\t\t\t<\/div>\n\t\t\t\t<\/div>\n\t\t<div class=\"elementor-element elementor-element-4e4b862 elementor-hidden-tablet elementor-hidden-mobile e-flex e-con-boxed e-con e-parent\" data-id=\"4e4b862\" data-element_type=\"container\" data-settings=\"{&quot;background_background&quot;:&quot;classic&quot;}\">\n\t\t\t\t\t<div class=\"e-con-inner\">\n\t\t\t\t<div class=\"elementor-element elementor-element-2757e27 elementor-widget elementor-widget-heading\" data-id=\"2757e27\" data-element_type=\"widget\" data-widget_type=\"heading.default\">\n\t\t\t\t<div class=\"elementor-widget-container\">\n\t\t\t<style>\/*! elementor - v3.23.0 - 05-08-2024 *\/\n.elementor-heading-title{padding:0;margin:0;line-height:1}.elementor-widget-heading .elementor-heading-title[class*=elementor-size-]>a{color:inherit;font-size:inherit;line-height:inherit}.elementor-widget-heading .elementor-heading-title.elementor-size-small{font-size:15px}.elementor-widget-heading .elementor-heading-title.elementor-size-medium{font-size:19px}.elementor-widget-heading .elementor-heading-title.elementor-size-large{font-size:29px}.elementor-widget-heading .elementor-heading-title.elementor-size-xl{font-size:39px}.elementor-widget-heading .elementor-heading-title.elementor-size-xxl{font-size:59px}<\/style><h2 class=\"elementor-heading-title elementor-size-default\">Te ayudamos a obtener el financiamiento necesario para tu proyecto de construcci\u00f3n.<\/h2>\t\t<\/div>\n\t\t\t\t<\/div>\n\t\t\t\t\t<\/div>\n\t\t\t\t<\/div>\n\t\t<div class=\"elementor-element elementor-element-f1f6733 elementor-hidden-desktop e-flex e-con-boxed e-con e-parent\" data-id=\"f1f6733\" data-element_type=\"container\" data-settings=\"{&quot;background_background&quot;:&quot;classic&quot;}\">\n\t\t\t\t\t<div class=\"e-con-inner\">\n\t\t\t\t<div class=\"elementor-element elementor-element-beaee18 elementor-widget elementor-widget-heading\" data-id=\"beaee18\" data-element_type=\"widget\" data-widget_type=\"heading.default\">\n\t\t\t\t<div class=\"elementor-widget-container\">\n\t\t\t<h2 class=\"elementor-heading-title elementor-size-default\">Te ayudamos a obtener el financiamiento necesario para tu proyecto de construcci\u00f3n.<\/h2>\t\t<\/div>\n\t\t\t\t<\/div>\n\t\t\t\t\t<\/div>\n\t\t\t\t<\/div>\n\t\t<div class=\"elementor-element elementor-element-94ce474 e-flex e-con-boxed e-con e-parent\" data-id=\"94ce474\" data-element_type=\"container\">\n\t\t\t\t\t<div class=\"e-con-inner\">\n\t\t\t\t<div class=\"elementor-element elementor-element-1536b05 elementor-widget elementor-widget-spacer\" data-id=\"1536b05\" data-element_type=\"widget\" data-widget_type=\"spacer.default\">\n\t\t\t\t<div class=\"elementor-widget-container\">\n\t\t\t\t\t<div class=\"elementor-spacer\">\n\t\t\t<div class=\"elementor-spacer-inner\"><\/div>\n\t\t<\/div>\n\t\t\t\t<\/div>\n\t\t\t\t<\/div>\n\t\t\t\t\t<\/div>\n\t\t\t\t<\/div>\n\t\t<div class=\"elementor-element elementor-element-0ed8733 elementor-hidden-tablet elementor-hidden-mobile e-flex e-con-boxed e-con e-parent\" data-id=\"0ed8733\" data-element_type=\"container\" data-settings=\"{&quot;background_background&quot;:&quot;classic&quot;}\">\n\t\t\t\t\t<div class=\"e-con-inner\">\n\t\t\t\t<div class=\"elementor-element elementor-element-aac8fb1 elementor-widget elementor-widget-spacer\" data-id=\"aac8fb1\" data-element_type=\"widget\" data-widget_type=\"spacer.default\">\n\t\t\t\t<div class=\"elementor-widget-container\">\n\t\t\t\t\t<div class=\"elementor-spacer\">\n\t\t\t<div class=\"elementor-spacer-inner\"><\/div>\n\t\t<\/div>\n\t\t\t\t<\/div>\n\t\t\t\t<\/div>\n\t\t\t\t\t<\/div>\n\t\t\t\t<\/div>\n\t\t<div class=\"elementor-element elementor-element-b4f4cde elementor-hidden-desktop e-flex e-con-boxed e-con e-parent\" data-id=\"b4f4cde\" data-element_type=\"container\">\n\t\t\t\t\t<div class=\"e-con-inner\">\n\t\t\t\t<div class=\"elementor-element elementor-element-b5958fa elementor-widget elementor-widget-image\" data-id=\"b5958fa\" data-element_type=\"widget\" data-widget_type=\"image.default\">\n\t\t\t\t<div class=\"elementor-widget-container\">\n\t\t\t\t\t\t\t\t\t\t\t\t\t<img decoding=\"async\" width=\"780\" height=\"324\" src=\"data:image\/svg+xml;charset=utf-8,%3Csvg xmlns%3D&#039;http%3A%2F%2Fwww.w3.org%2F2000%2Fsvg&#039; viewBox%3D&#039;0 0 1024 426&#039;%2F%3E\" class=\"attachment-large size-large wp-image-4423 ld-lazyload\" alt=\"\" data-src=\"https:\/\/propertytraders.com.mx\/wp-content\/uploads\/2024\/10\/Recurso-19@4x-1024x426.png\" data-srcset=\"https:\/\/propertytraders.com.mx\/wp-content\/uploads\/2024\/10\/Recurso-19@4x-1024x426.png 1024w, https:\/\/propertytraders.com.mx\/wp-content\/uploads\/2024\/10\/Recurso-19@4x-300x125.png 300w, https:\/\/propertytraders.com.mx\/wp-content\/uploads\/2024\/10\/Recurso-19@4x-1536x640.png 1536w, https:\/\/propertytraders.com.mx\/wp-content\/uploads\/2024\/10\/Recurso-19@4x-2048x853.png 2048w\" data-sizes=\"(max-width: 780px) 100vw, 780px\" data-aspect=\"2.4037558685446\" \/>\t\t\t\t\t\t\t\t\t\t\t\t\t<\/div>\n\t\t\t\t<\/div>\n\t\t\t\t\t<\/div>\n\t\t\t\t<\/div>\n\t\t<div class=\"elementor-element elementor-element-63ea126 elementor-hidden-tablet elementor-hidden-mobile e-flex e-con-boxed e-con e-parent\" data-id=\"63ea126\" data-element_type=\"container\" data-settings=\"{&quot;background_background&quot;:&quot;classic&quot;}\">\n\t\t\t\t\t<div class=\"e-con-inner\">\n\t\t\t\t<div class=\"elementor-element elementor-element-f4f2477 elementor-widget elementor-widget-heading\" data-id=\"f4f2477\" data-element_type=\"widget\" data-widget_type=\"heading.default\">\n\t\t\t\t<div class=\"elementor-widget-container\">\n\t\t\t<h2 class=\"elementor-heading-title elementor-size-default\">Eleva el valor de tu terreno y construye un patrimonio para tu familia.<\/h2>\t\t<\/div>\n\t\t\t\t<\/div>\n\t\t\t\t\t<\/div>\n\t\t\t\t<\/div>\n\t\t<div class=\"elementor-element elementor-element-2cf6bdb elementor-hidden-desktop e-flex e-con-boxed e-con e-parent\" data-id=\"2cf6bdb\" data-element_type=\"container\" data-settings=\"{&quot;background_background&quot;:&quot;classic&quot;}\">\n\t\t\t\t\t<div class=\"e-con-inner\">\n\t\t\t\t<div class=\"elementor-element elementor-element-4eb7765 elementor-widget elementor-widget-heading\" data-id=\"4eb7765\" data-element_type=\"widget\" data-widget_type=\"heading.default\">\n\t\t\t\t<div class=\"elementor-widget-container\">\n\t\t\t<h2 class=\"elementor-heading-title elementor-size-default\">Eleva el valor de tu terreno y construye un patrimonio para tu familia.<\/h2>\t\t<\/div>\n\t\t\t\t<\/div>\n\t\t\t\t\t<\/div>\n\t\t\t\t<\/div>\n\t\t<div class=\"elementor-element elementor-element-5edec0e e-flex e-con-boxed e-con e-parent\" data-id=\"5edec0e\" data-element_type=\"container\">\n\t\t\t\t\t<div class=\"e-con-inner\">\n\t\t\t\t<div class=\"elementor-element elementor-element-ba68cf4 elementor-widget elementor-widget-spacer\" data-id=\"ba68cf4\" data-element_type=\"widget\" data-widget_type=\"spacer.default\">\n\t\t\t\t<div class=\"elementor-widget-container\">\n\t\t\t\t\t<div class=\"elementor-spacer\">\n\t\t\t<div class=\"elementor-spacer-inner\"><\/div>\n\t\t<\/div>\n\t\t\t\t<\/div>\n\t\t\t\t<\/div>\n\t\t\t\t\t<\/div>\n\t\t\t\t<\/div>\n\t\t<div class=\"elementor-element elementor-element-6873884 elementor-hidden-tablet elementor-hidden-mobile e-flex e-con-boxed e-con e-parent\" data-id=\"6873884\" data-element_type=\"container\" data-settings=\"{&quot;background_background&quot;:&quot;classic&quot;}\">\n\t\t\t\t\t<div class=\"e-con-inner\">\n\t\t\t\t<div class=\"elementor-element elementor-element-177e87a elementor-widget elementor-widget-spacer\" data-id=\"177e87a\" data-element_type=\"widget\" data-widget_type=\"spacer.default\">\n\t\t\t\t<div class=\"elementor-widget-container\">\n\t\t\t\t\t<div class=\"elementor-spacer\">\n\t\t\t<div class=\"elementor-spacer-inner\"><\/div>\n\t\t<\/div>\n\t\t\t\t<\/div>\n\t\t\t\t<\/div>\n\t\t\t\t\t<\/div>\n\t\t\t\t<\/div>\n\t\t<div class=\"elementor-element elementor-element-8a40658 elementor-hidden-desktop e-flex e-con-boxed e-con e-parent\" data-id=\"8a40658\" data-element_type=\"container\">\n\t\t\t\t\t<div class=\"e-con-inner\">\n\t\t\t\t<div class=\"elementor-element elementor-element-7ffa233 elementor-widget elementor-widget-image\" data-id=\"7ffa233\" data-element_type=\"widget\" data-widget_type=\"image.default\">\n\t\t\t\t<div class=\"elementor-widget-container\">\n\t\t\t\t\t\t\t\t\t\t\t\t\t<img loading=\"lazy\" decoding=\"async\" width=\"780\" height=\"324\" src=\"data:image\/svg+xml;charset=utf-8,%3Csvg xmlns%3D&#039;http%3A%2F%2Fwww.w3.org%2F2000%2Fsvg&#039; viewBox%3D&#039;0 0 1024 426&#039;%2F%3E\" class=\"attachment-large size-large wp-image-4424 ld-lazyload\" alt=\"\" data-src=\"https:\/\/propertytraders.com.mx\/wp-content\/uploads\/2024\/10\/Recurso-20@4x-1024x426.png\" data-srcset=\"https:\/\/propertytraders.com.mx\/wp-content\/uploads\/2024\/10\/Recurso-20@4x-1024x426.png 1024w, https:\/\/propertytraders.com.mx\/wp-content\/uploads\/2024\/10\/Recurso-20@4x-300x125.png 300w, https:\/\/propertytraders.com.mx\/wp-content\/uploads\/2024\/10\/Recurso-20@4x-2048x853.png 2048w, https:\/\/propertytraders.com.mx\/wp-content\/uploads\/2024\/10\/Recurso-20@4x-1536x640.png 1536w\" data-sizes=\"(max-width: 780px) 100vw, 780px\" data-aspect=\"2.4037558685446\" \/>\t\t\t\t\t\t\t\t\t\t\t\t\t<\/div>\n\t\t\t\t<\/div>\n\t\t\t\t\t<\/div>\n\t\t\t\t<\/div>\n\t\t<div class=\"elementor-element elementor-element-f67aa70 elementor-hidden-tablet elementor-hidden-mobile e-flex e-con-boxed e-con e-parent\" data-id=\"f67aa70\" data-element_type=\"container\" data-settings=\"{&quot;background_background&quot;:&quot;classic&quot;}\">\n\t\t\t\t\t<div class=\"e-con-inner\">\n\t\t\t\t<div class=\"elementor-element elementor-element-abb4de3 elementor-widget elementor-widget-heading\" data-id=\"abb4de3\" data-element_type=\"widget\" data-widget_type=\"heading.default\">\n\t\t\t\t<div class=\"elementor-widget-container\">\n\t\t\t<h2 class=\"elementor-heading-title elementor-size-default\">Obt\u00e9n ingresos constantes, y aumenta la plusval\u00eda de tu propiedad generando rendimientos arriba del 11%.<\/h2>\t\t<\/div>\n\t\t\t\t<\/div>\n\t\t\t\t\t<\/div>\n\t\t\t\t<\/div>\n\t\t<div class=\"elementor-element elementor-element-da8529b elementor-hidden-desktop e-flex e-con-boxed e-con e-parent\" data-id=\"da8529b\" data-element_type=\"container\" data-settings=\"{&quot;background_background&quot;:&quot;classic&quot;}\">\n\t\t\t\t\t<div class=\"e-con-inner\">\n\t\t\t\t<div class=\"elementor-element elementor-element-169b010 elementor-widget elementor-widget-heading\" data-id=\"169b010\" data-element_type=\"widget\" data-widget_type=\"heading.default\">\n\t\t\t\t<div class=\"elementor-widget-container\">\n\t\t\t<h2 class=\"elementor-heading-title elementor-size-default\">Obt\u00e9n ingresos constantes, y aumenta la plusval\u00eda de tu propiedad generando rendimientos arriba del 11%.<\/h2>\t\t<\/div>\n\t\t\t\t<\/div>\n\t\t\t\t\t<\/div>\n\t\t\t\t<\/div>\n\t\t<div class=\"elementor-element elementor-element-31e9edc e-flex e-con-boxed e-con e-parent\" data-id=\"31e9edc\" data-element_type=\"container\">\n\t\t\t\t\t<div class=\"e-con-inner\">\n\t\t\t\t<div class=\"elementor-element elementor-element-5420b90 elementor-widget elementor-widget-spacer\" data-id=\"5420b90\" data-element_type=\"widget\" data-widget_type=\"spacer.default\">\n\t\t\t\t<div class=\"elementor-widget-container\">\n\t\t\t\t\t<div class=\"elementor-spacer\">\n\t\t\t<div class=\"elementor-spacer-inner\"><\/div>\n\t\t<\/div>\n\t\t\t\t<\/div>\n\t\t\t\t<\/div>\n\t\t\t\t\t<\/div>\n\t\t\t\t<\/div>\n\t\t<div class=\"elementor-element elementor-element-1691a56 e-flex e-con-boxed e-con e-parent\" data-id=\"1691a56\" data-element_type=\"container\" data-settings=\"{&quot;background_background&quot;:&quot;classic&quot;}\">\n\t\t\t\t\t<div class=\"e-con-inner\">\n\t\t\t\t<div class=\"elementor-element elementor-element-014c8d1 elementor-widget elementor-widget-spacer\" data-id=\"014c8d1\" data-element_type=\"widget\" data-widget_type=\"spacer.default\">\n\t\t\t\t<div class=\"elementor-widget-container\">\n\t\t\t\t\t<div class=\"elementor-spacer\">\n\t\t\t<div class=\"elementor-spacer-inner\"><\/div>\n\t\t<\/div>\n\t\t\t\t<\/div>\n\t\t\t\t<\/div>\n\t\t\t\t<div class=\"elementor-element elementor-element-6a51bf9 elementor-hidden-desktop elementor-widget elementor-widget-heading\" data-id=\"6a51bf9\" data-element_type=\"widget\" data-widget_type=\"heading.default\">\n\t\t\t\t<div class=\"elementor-widget-container\">\n\t\t\t<h2 class=\"elementor-heading-title elementor-size-default\">Registrate para descargar la presentaci\u00f3n y\n\nconocer m\u00e1s sobre este gran proyecto<\/h2>\t\t<\/div>\n\t\t\t\t<\/div>\n\t\t\t\t<div class=\"elementor-element elementor-element-0aeae66 elementor-widget elementor-widget-text-editor\" data-id=\"0aeae66\" data-element_type=\"widget\" data-widget_type=\"text-editor.default\">\n\t\t\t\t<div class=\"elementor-widget-container\">\n\t\t\t\t\t\t\t<p style=\"text-align: center;\">Registrate para descargar la presentaci\u00f3n y conocer m\u00e1s sobre este gran proyecto<\/p>\t\t\t\t\t\t<\/div>\n\t\t\t\t<\/div>\n\t\t\t\t<div class=\"elementor-element elementor-element-dc9cd77 elementor-widget elementor-widget-wpforms\" data-id=\"dc9cd77\" data-element_type=\"widget\" data-widget_type=\"wpforms.default\">\n\t\t\t\t<div class=\"elementor-widget-container\">\n\t\t\t<div class=\"wpforms-container wpforms-container-full\" id=\"wpforms-2448\"><form id=\"wpforms-form-2448\" class=\"wpforms-validate wpforms-form wpforms-ajax-form\" data-formid=\"2448\" method=\"post\" enctype=\"multipart\/form-data\" action=\"\/index.php\/wp-json\/wp\/v2\/pages\/2965\" data-token=\"cbb98e14cb306b9f2616439363937a57\"><noscript class=\"wpforms-error-noscript\">Please enable JavaScript in your browser to complete this form.<\/noscript><div class=\"wpforms-field-container\"><div id=\"wpforms-2448-field_1-container\" class=\"wpforms-field wpforms-field-text\" data-field-id=\"1\"><label class=\"wpforms-field-label wpforms-label-hide\" for=\"wpforms-2448-field_1\">Nombre<\/label><input type=\"text\" id=\"wpforms-2448-field_1\" class=\"wpforms-field-large\" name=\"wpforms[fields][1]\" value=\"Nombre\" ><\/div><div id=\"wpforms-2448-field_2-container\" class=\"wpforms-field wpforms-field-text\" data-field-id=\"2\"><label class=\"wpforms-field-label wpforms-label-hide\" for=\"wpforms-2448-field_2\">Tel\u00e9fono<\/label><input type=\"text\" id=\"wpforms-2448-field_2\" class=\"wpforms-field-large\" name=\"wpforms[fields][2]\" placeholder=\"Tel\u00e9fono \" ><\/div><div id=\"wpforms-2448-field_3-container\" class=\"wpforms-field wpforms-field-email\" data-field-id=\"3\"><label class=\"wpforms-field-label wpforms-label-hide\" for=\"wpforms-2448-field_3\">Email <span class=\"wpforms-required-label\">*<\/span><\/label><input type=\"email\" id=\"wpforms-2448-field_3\" class=\"wpforms-field-large wpforms-field-required\" name=\"wpforms[fields][3]\" placeholder=\"Correo \" required><\/div><div id=\"wpforms-2448-field_4-container\" class=\"wpforms-field wpforms-field-gdpr-checkbox\" data-field-id=\"4\"><label class=\"wpforms-field-label wpforms-label-hide\" for=\"wpforms-2448-field_4\">GDPR Agreement <span class=\"wpforms-required-label\">*<\/span><\/label><ul id=\"wpforms-2448-field_4\" class=\"wpforms-field-required\"><li class=\"choice-1\"><input type=\"checkbox\" id=\"wpforms-2448-field_4_1\" name=\"wpforms[fields][4][]\" value=\"Click aqui para descarga automatica \" required ><label class=\"wpforms-field-label-inline\" for=\"wpforms-2448-field_4_1\">Click aqui para descarga automatica  <span class=\"wpforms-required-label\">*<\/span><\/label><\/li><\/ul><\/div><\/div><div class=\"wpforms-submit-container\"><input type=\"hidden\" name=\"wpforms[id]\" value=\"2448\"><input type=\"hidden\" name=\"wpforms[author]\" value=\"2\"><button type=\"submit\" name=\"wpforms[submit]\" id=\"wpforms-submit-2448\" class=\"wpforms-submit\" data-alt-text=\"Enviando...\" data-submit-text=\"Envia y descarga brochure\" aria-live=\"assertive\" value=\"wpforms-submit\">Envia y descarga brochure<\/button><img loading=\"lazy\" decoding=\"async\" src=\"https:\/\/propertytraders.com.mx\/wp-content\/plugins\/wpforms-lite\/assets\/images\/submit-spin.svg\" class=\"wpforms-submit-spinner\" style=\"display: none;\" width=\"26\" height=\"26\" alt=\"Loading\"><\/div><\/form><\/div>  <!-- .wpforms-container -->\t\t<\/div>\n\t\t\t\t<\/div>\n\t\t\t\t\t<\/div>\n\t\t\t\t<\/div>\n\t\t<div class=\"elementor-element elementor-element-e8dee86 e-flex e-con-boxed e-con e-parent\" data-id=\"e8dee86\" data-element_type=\"container\">\n\t\t\t\t\t<div class=\"e-con-inner\">\n\t\t\t\t<div class=\"elementor-element elementor-element-fc70cb0 elementor-widget elementor-widget-spacer\" data-id=\"fc70cb0\" data-element_type=\"widget\" data-widget_type=\"spacer.default\">\n\t\t\t\t<div class=\"elementor-widget-container\">\n\t\t\t\t\t<div class=\"elementor-spacer\">\n\t\t\t<div class=\"elementor-spacer-inner\"><\/div>\n\t\t<\/div>\n\t\t\t\t<\/div>\n\t\t\t\t<\/div>\n\t\t\t\t\t<\/div>\n\t\t\t\t<\/div>\n\t\t\t\t<\/div>\n\t\t","protected":false},"excerpt":{"rendered":"<p>Dise\u00f1ado para propietarios de terrenos residenciales que desean maximizar el potencial de su propiedad. Nos encargamos de todo, desde el nacimiento y la construcci\u00f3n hasta la administraci\u00f3n de rentas, convirtiendo tu terreno en una fuente constante de ingresos. Con nuestra experiencia y enfoque integral, te ayudamos a aprovechar al m\u00e1ximo tu inversi\u00f3n en M\u00e9rida, una [&hellip;]<\/p>\n","protected":false},"author":2,"featured_media":0,"parent":0,"menu_order":0,"comment_status":"closed","ping_status":"closed","template":"","meta":[],"_links":{"self":[{"href":"https:\/\/propertytraders.com.mx\/index.php\/wp-json\/wp\/v2\/pages\/2965"}],"collection":[{"href":"https:\/\/propertytraders.com.mx\/index.php\/wp-json\/wp\/v2\/pages"}],"about":[{"href":"https:\/\/propertytraders.com.mx\/index.php\/wp-json\/wp\/v2\/types\/page"}],"author":[{"embeddable":true,"href":"https:\/\/propertytraders.com.mx\/index.php\/wp-json\/wp\/v2\/users\/2"}],"replies":[{"embeddable":true,"href":"https:\/\/propertytraders.com.mx\/index.php\/wp-json\/wp\/v2\/comments?post=2965"}],"version-history":[{"count":159,"href":"https:\/\/propertytraders.com.mx\/index.php\/wp-json\/wp\/v2\/pages\/2965\/revisions"}],"predecessor-version":[{"id":4926,"href":"https:\/\/propertytraders.com.mx\/index.php\/wp-json\/wp\/v2\/pages\/2965\/revisions\/4926"}],"wp:attachment":[{"href":"https:\/\/propertytraders.com.mx\/index.php\/wp-json\/wp\/v2\/media?parent=2965"}],"curies":[{"name":"wp","href":"https:\/\/api.w.org\/{rel}","templated":true}]}}