{"id":1730,"date":"2024-08-09T20:10:26","date_gmt":"2024-08-09T20:10:26","guid":{"rendered":"https:\/\/propertytraders.com.mx\/?page_id=1730"},"modified":"2024-10-23T02:01:41","modified_gmt":"2024-10-23T02:01:41","slug":"inversion-en-daytona","status":"publish","type":"page","link":"https:\/\/propertytraders.com.mx\/index.php\/inversion-en-daytona\/","title":{"rendered":"Inversi\u00f3n en Daytona"},"content":{"rendered":"\t\t<div data-elementor-type=\"wp-page\" data-elementor-id=\"1730\" class=\"elementor elementor-1730\">\n\t\t\t\t<div class=\"elementor-element elementor-element-8a24499 elementor-hidden-mobile e-con-full e-flex e-con e-parent\" data-id=\"8a24499\" data-element_type=\"container\" data-settings=\"{&quot;background_background&quot;:&quot;classic&quot;}\">\n\t\t<div class=\"elementor-element elementor-element-b405c0f e-con-full e-flex e-con e-child\" data-id=\"b405c0f\" data-element_type=\"container\">\n\t\t\t\t<div class=\"elementor-element elementor-element-5769624 elementor-widget elementor-widget-spacer\" data-id=\"5769624\" data-element_type=\"widget\" data-widget_type=\"spacer.default\">\n\t\t\t\t<div class=\"elementor-widget-container\">\n\t\t\t<style>\/*! elementor - v3.23.0 - 05-08-2024 *\/\n.elementor-column .elementor-spacer-inner{height:var(--spacer-size)}.e-con{--container-widget-width:100%}.e-con-inner>.elementor-widget-spacer,.e-con>.elementor-widget-spacer{width:var(--container-widget-width,var(--spacer-size));--align-self:var(--container-widget-align-self,initial);--flex-shrink:0}.e-con-inner>.elementor-widget-spacer>.elementor-widget-container,.e-con>.elementor-widget-spacer>.elementor-widget-container{height:100%;width:100%}.e-con-inner>.elementor-widget-spacer>.elementor-widget-container>.elementor-spacer,.e-con>.elementor-widget-spacer>.elementor-widget-container>.elementor-spacer{height:100%}.e-con-inner>.elementor-widget-spacer>.elementor-widget-container>.elementor-spacer>.elementor-spacer-inner,.e-con>.elementor-widget-spacer>.elementor-widget-container>.elementor-spacer>.elementor-spacer-inner{height:var(--container-widget-height,var(--spacer-size))}.e-con-inner>.elementor-widget-spacer.elementor-widget-empty,.e-con>.elementor-widget-spacer.elementor-widget-empty{position:relative;min-height:22px;min-width:22px}.e-con-inner>.elementor-widget-spacer.elementor-widget-empty .elementor-widget-empty-icon,.e-con>.elementor-widget-spacer.elementor-widget-empty .elementor-widget-empty-icon{position:absolute;top:0;bottom:0;left:0;right:0;margin:auto;padding:0;width:22px;height:22px}<\/style>\t\t<div class=\"elementor-spacer\">\n\t\t\t<div class=\"elementor-spacer-inner\"><\/div>\n\t\t<\/div>\n\t\t\t\t<\/div>\n\t\t\t\t<\/div>\n\t\t\t\t<\/div>\n\t\t<div class=\"elementor-element elementor-element-5630d8d e-con-full e-flex e-con e-child\" data-id=\"5630d8d\" data-element_type=\"container\">\n\t\t\t\t<\/div>\n\t\t\t\t<\/div>\n\t\t<div class=\"elementor-element elementor-element-62c698f elementor-hidden-desktop elementor-hidden-tablet e-flex e-con-boxed e-con e-parent\" data-id=\"62c698f\" data-element_type=\"container\" data-settings=\"{&quot;background_background&quot;:&quot;classic&quot;}\">\n\t\t\t\t\t<div class=\"e-con-inner\">\n\t\t\t\t<div class=\"elementor-element elementor-element-02275bf elementor-widget elementor-widget-image\" data-id=\"02275bf\" data-element_type=\"widget\" data-widget_type=\"image.default\">\n\t\t\t\t<div class=\"elementor-widget-container\">\n\t\t\t<style>\/*! elementor - v3.23.0 - 05-08-2024 *\/\n.elementor-widget-image{text-align:center}.elementor-widget-image a{display:inline-block}.elementor-widget-image a img[src$=\".svg\"]{width:48px}.elementor-widget-image img{vertical-align:middle;display:inline-block}<\/style>\t\t\t\t\t\t\t\t\t\t<img fetchpriority=\"high\" decoding=\"async\" width=\"780\" height=\"439\" src=\"https:\/\/propertytraders.com.mx\/wp-content\/uploads\/2024\/10\/9-1024x576.jpg\" class=\"attachment-large size-large wp-image-4687\" alt=\"\" srcset=\"https:\/\/propertytraders.com.mx\/wp-content\/uploads\/2024\/10\/9-1024x576.jpg 1024w, https:\/\/propertytraders.com.mx\/wp-content\/uploads\/2024\/10\/9-300x169.jpg 300w, https:\/\/propertytraders.com.mx\/wp-content\/uploads\/2024\/10\/9-1536x864.jpg 1536w, https:\/\/propertytraders.com.mx\/wp-content\/uploads\/2024\/10\/9.jpg 1920w\" sizes=\"(max-width: 780px) 100vw, 780px\" \/>\t\t\t\t\t\t\t\t\t\t\t\t\t<\/div>\n\t\t\t\t<\/div>\n\t\t\t\t\t<\/div>\n\t\t\t\t<\/div>\n\t\t<div class=\"elementor-element elementor-element-e611497 e-flex e-con-boxed e-con e-parent\" data-id=\"e611497\" data-element_type=\"container\" data-settings=\"{&quot;background_background&quot;:&quot;classic&quot;}\">\n\t\t\t\t\t<div class=\"e-con-inner\">\n\t\t<div class=\"elementor-element elementor-element-330ffbc e-con-full e-flex e-con e-child\" data-id=\"330ffbc\" data-element_type=\"container\">\n\t\t\t\t<div class=\"elementor-element elementor-element-96b1dbb elementor-widget elementor-widget-image\" data-id=\"96b1dbb\" data-element_type=\"widget\" data-widget_type=\"image.default\">\n\t\t\t\t<div class=\"elementor-widget-container\">\n\t\t\t\t\t\t\t\t\t\t\t\t\t<img decoding=\"async\" width=\"780\" height=\"603\" src=\"data:image\/svg+xml;charset=utf-8,%3Csvg xmlns%3D&#039;http%3A%2F%2Fwww.w3.org%2F2000%2Fsvg&#039; viewBox%3D&#039;0 0 792 612&#039;%2F%3E\" class=\"attachment-large size-large wp-image-2851 ld-lazyload\" alt=\"\" data-src=\"https:\/\/propertytraders.com.mx\/wp-content\/uploads\/2024\/08\/74242faa-fc4c-4aa0-b82e-d1e50f54711d.png\" data-srcset=\"https:\/\/propertytraders.com.mx\/wp-content\/uploads\/2024\/08\/74242faa-fc4c-4aa0-b82e-d1e50f54711d.png 792w, https:\/\/propertytraders.com.mx\/wp-content\/uploads\/2024\/08\/74242faa-fc4c-4aa0-b82e-d1e50f54711d-300x232.png 300w\" data-sizes=\"(max-width: 780px) 100vw, 780px\" data-aspect=\"1.2941176470588\" \/>\t\t\t\t\t\t\t\t\t\t\t\t\t<\/div>\n\t\t\t\t<\/div>\n\t\t\t\t<\/div>\n\t\t<div class=\"elementor-element elementor-element-d4169e0 e-con-full e-flex e-con e-child\" data-id=\"d4169e0\" data-element_type=\"container\">\n\t\t\t\t<div class=\"elementor-element elementor-element-20a9dbb elementor-hidden-mobile elementor-widget elementor-widget-spacer\" data-id=\"20a9dbb\" data-element_type=\"widget\" data-widget_type=\"spacer.default\">\n\t\t\t\t<div class=\"elementor-widget-container\">\n\t\t\t\t\t<div class=\"elementor-spacer\">\n\t\t\t<div class=\"elementor-spacer-inner\"><\/div>\n\t\t<\/div>\n\t\t\t\t<\/div>\n\t\t\t\t<\/div>\n\t\t\t\t<div class=\"elementor-element elementor-element-8a5022f elementor-widget elementor-widget-text-editor\" data-id=\"8a5022f\" data-element_type=\"widget\" data-widget_type=\"text-editor.default\">\n\t\t\t\t<div class=\"elementor-widget-container\">\n\t\t\t<style>\/*! elementor - v3.23.0 - 05-08-2024 *\/\n.elementor-widget-text-editor.elementor-drop-cap-view-stacked .elementor-drop-cap{background-color:#69727d;color:#fff}.elementor-widget-text-editor.elementor-drop-cap-view-framed .elementor-drop-cap{color:#69727d;border:3px solid;background-color:transparent}.elementor-widget-text-editor:not(.elementor-drop-cap-view-default) .elementor-drop-cap{margin-top:8px}.elementor-widget-text-editor:not(.elementor-drop-cap-view-default) .elementor-drop-cap-letter{width:1em;height:1em}.elementor-widget-text-editor .elementor-drop-cap{float:left;text-align:center;line-height:1;font-size:50px}.elementor-widget-text-editor .elementor-drop-cap-letter{display:inline-block}<\/style>\t\t\t\t<p><span style=\"color: #000000;\">Descubre un esquema de inversi\u00f3n exclusivo en propiedades de muy alto valor en Daytona Beach, dise\u00f1ado para ofrecer una oportunidad lucrativa a inversionistas en M\u00e9xico. Aprovecha rendimientos en d\u00f3lares que oscilan entre el 9% y el 11%, asegurando tu patrimonio con garant\u00eda.<\/span><\/p>\t\t\t\t\t\t<\/div>\n\t\t\t\t<\/div>\n\t\t\t\t<\/div>\n\t\t\t\t\t<\/div>\n\t\t\t\t<\/div>\n\t\t<div class=\"elementor-element elementor-element-4bf59f4 e-flex e-con-boxed e-con e-parent\" data-id=\"4bf59f4\" data-element_type=\"container\">\n\t\t\t\t\t<div class=\"e-con-inner\">\n\t\t\t\t<div class=\"elementor-element elementor-element-bda5c87 elementor-widget elementor-widget-spacer\" data-id=\"bda5c87\" data-element_type=\"widget\" data-widget_type=\"spacer.default\">\n\t\t\t\t<div class=\"elementor-widget-container\">\n\t\t\t\t\t<div class=\"elementor-spacer\">\n\t\t\t<div class=\"elementor-spacer-inner\"><\/div>\n\t\t<\/div>\n\t\t\t\t<\/div>\n\t\t\t\t<\/div>\n\t\t\t\t<div class=\"elementor-element elementor-element-17b1e2c elementor-widget elementor-widget-text-editor\" data-id=\"17b1e2c\" data-element_type=\"widget\" data-widget_type=\"text-editor.default\">\n\t\t\t\t<div class=\"elementor-widget-container\">\n\t\t\t\t\t\t\t<p>\u00bfPor qu\u00e9 invertir en Daytona?<\/p>\t\t\t\t\t\t<\/div>\n\t\t\t\t<\/div>\n\t\t\t\t\t<\/div>\n\t\t\t\t<\/div>\n\t\t<div class=\"elementor-element elementor-element-c8ac0e3 elementor-hidden-tablet elementor-hidden-mobile e-flex e-con-boxed e-con e-parent\" data-id=\"c8ac0e3\" data-element_type=\"container\">\n\t\t\t\t\t<div class=\"e-con-inner\">\n\t\t<div class=\"elementor-element elementor-element-c5a3414 e-con-full e-flex e-con e-child\" data-id=\"c5a3414\" data-element_type=\"container\">\n\t\t\t\t<div class=\"elementor-element elementor-element-e268f8d elementor-widget elementor-widget-ld_flipbox\" data-id=\"e268f8d\" data-element_type=\"widget\" data-widget_type=\"ld_flipbox.default\">\n\t\t\t\t<div class=\"elementor-widget-container\">\n\t\t\t\t\t<div class=\"ld-flipbox d-flex flex-column justify-content-center align-items-center pos-rel perspective   \">\n\t\t\t<div class=\"ld-flipbox-wrap w-100 pos-rel transform-style-3d\">\n\t\t\t\t<div id=\"front-e268f8d\" class=\"ld-flipbox-face ld-flipbox-front d-flex flex-column w-100 backface-hidden transform-style-3d\">\n\t\t\t\t\t\t<span class=\"ld-flipbox-overlay lqd-overlay\">\n\t\t\t\t\t\t<\/span><div class=\"ld-flipbox-inner w-100 flex-grow-1 align-items-center justify-content-center backface-hidden\"><\/div><\/div><div id=\"back-e268f8d\" class=\"ld-flipbox-face ld-flipbox-back d-flex flex-column lqd-overlay backface-hidden transform-style-3d\">\n\t\t\t\t\t\t<span class=\"ld-flipbox-overlay lqd-overlay\">\n\t\t\t\t\t\t<\/span><div class=\"ld-flipbox-inner d-flex flex-column flex-grow-1 align-items-center justify-content-center w-100 backface-hidden\"><\/div><\/div>\t\t\t<\/div>\n\t\t<\/div>\n\t\t\t\t<\/div>\n\t\t\t\t<\/div>\n\t\t\t\t<\/div>\n\t\t<div class=\"elementor-element elementor-element-faa7b7e e-con-full e-flex e-con e-child\" data-id=\"faa7b7e\" data-element_type=\"container\">\n\t\t\t\t<div class=\"elementor-element elementor-element-e2c21f1 elementor-widget elementor-widget-ld_flipbox\" data-id=\"e2c21f1\" data-element_type=\"widget\" data-widget_type=\"ld_flipbox.default\">\n\t\t\t\t<div class=\"elementor-widget-container\">\n\t\t\t\t\t<div class=\"ld-flipbox d-flex flex-column justify-content-center align-items-center pos-rel perspective   \">\n\t\t\t<div class=\"ld-flipbox-wrap w-100 pos-rel transform-style-3d\">\n\t\t\t\t<div id=\"front-e2c21f1\" class=\"ld-flipbox-face ld-flipbox-front d-flex flex-column w-100 backface-hidden transform-style-3d\">\n\t\t\t\t\t\t<span class=\"ld-flipbox-overlay lqd-overlay\">\n\t\t\t\t\t\t<\/span><div class=\"ld-flipbox-inner w-100 flex-grow-1 align-items-center justify-content-center backface-hidden\"><\/div><\/div><div id=\"back-e2c21f1\" class=\"ld-flipbox-face ld-flipbox-back d-flex flex-column lqd-overlay backface-hidden transform-style-3d\">\n\t\t\t\t\t\t<span class=\"ld-flipbox-overlay lqd-overlay\">\n\t\t\t\t\t\t<\/span><div class=\"ld-flipbox-inner d-flex flex-column flex-grow-1 align-items-center justify-content-center w-100 backface-hidden\"><\/div><\/div>\t\t\t<\/div>\n\t\t<\/div>\n\t\t\t\t<\/div>\n\t\t\t\t<\/div>\n\t\t\t\t<\/div>\n\t\t<div class=\"elementor-element elementor-element-8314cf7 e-con-full e-flex e-con e-child\" data-id=\"8314cf7\" data-element_type=\"container\">\n\t\t\t\t<div class=\"elementor-element elementor-element-edd6a5d elementor-widget elementor-widget-ld_flipbox\" data-id=\"edd6a5d\" data-element_type=\"widget\" data-widget_type=\"ld_flipbox.default\">\n\t\t\t\t<div class=\"elementor-widget-container\">\n\t\t\t\t\t<div class=\"ld-flipbox d-flex flex-column justify-content-center align-items-center pos-rel perspective   \">\n\t\t\t<div class=\"ld-flipbox-wrap w-100 pos-rel transform-style-3d\">\n\t\t\t\t<div id=\"front-edd6a5d\" class=\"ld-flipbox-face ld-flipbox-front d-flex flex-column w-100 backface-hidden transform-style-3d\">\n\t\t\t\t\t\t<span class=\"ld-flipbox-overlay lqd-overlay\">\n\t\t\t\t\t\t<\/span><div class=\"ld-flipbox-inner w-100 flex-grow-1 align-items-center justify-content-center backface-hidden\"><\/div><\/div><div id=\"back-edd6a5d\" class=\"ld-flipbox-face ld-flipbox-back d-flex flex-column lqd-overlay backface-hidden transform-style-3d\">\n\t\t\t\t\t\t<span class=\"ld-flipbox-overlay lqd-overlay\">\n\t\t\t\t\t\t<\/span><div class=\"ld-flipbox-inner d-flex flex-column flex-grow-1 align-items-center justify-content-center w-100 backface-hidden\"><\/div><\/div>\t\t\t<\/div>\n\t\t<\/div>\n\t\t\t\t<\/div>\n\t\t\t\t<\/div>\n\t\t\t\t<\/div>\n\t\t<div class=\"elementor-element elementor-element-5efa1e4 e-con-full e-flex e-con e-child\" data-id=\"5efa1e4\" data-element_type=\"container\">\n\t\t\t\t<div class=\"elementor-element elementor-element-60ace32 elementor-widget elementor-widget-ld_flipbox\" data-id=\"60ace32\" data-element_type=\"widget\" data-widget_type=\"ld_flipbox.default\">\n\t\t\t\t<div class=\"elementor-widget-container\">\n\t\t\t\t\t<div class=\"ld-flipbox d-flex flex-column justify-content-center align-items-center pos-rel perspective   \">\n\t\t\t<div class=\"ld-flipbox-wrap w-100 pos-rel transform-style-3d\">\n\t\t\t\t<div id=\"front-60ace32\" class=\"ld-flipbox-face ld-flipbox-front d-flex flex-column w-100 backface-hidden transform-style-3d\">\n\t\t\t\t\t\t<span class=\"ld-flipbox-overlay lqd-overlay\">\n\t\t\t\t\t\t<\/span><div class=\"ld-flipbox-inner w-100 flex-grow-1 align-items-center justify-content-center backface-hidden\"><\/div><\/div><div id=\"back-60ace32\" class=\"ld-flipbox-face ld-flipbox-back d-flex flex-column lqd-overlay backface-hidden transform-style-3d\">\n\t\t\t\t\t\t<span class=\"ld-flipbox-overlay lqd-overlay\">\n\t\t\t\t\t\t<\/span><div class=\"ld-flipbox-inner d-flex flex-column flex-grow-1 align-items-center justify-content-center w-100 backface-hidden\"><\/div><\/div>\t\t\t<\/div>\n\t\t<\/div>\n\t\t\t\t<\/div>\n\t\t\t\t<\/div>\n\t\t\t\t<\/div>\n\t\t\t\t\t<\/div>\n\t\t\t\t<\/div>\n\t\t<div class=\"elementor-element elementor-element-23d5513 elementor-hidden-desktop e-flex e-con-boxed e-con e-parent\" data-id=\"23d5513\" data-element_type=\"container\">\n\t\t\t\t\t<div class=\"e-con-inner\">\n\t\t<div class=\"elementor-element elementor-element-d090a2d e-con-full e-flex e-con e-child\" data-id=\"d090a2d\" data-element_type=\"container\">\n\t\t\t\t<div class=\"elementor-element elementor-element-cd718e7 elementor-widget elementor-widget-ld_flipbox\" data-id=\"cd718e7\" data-element_type=\"widget\" data-widget_type=\"ld_flipbox.default\">\n\t\t\t\t<div class=\"elementor-widget-container\">\n\t\t\t\t\t<div class=\"ld-flipbox d-flex flex-column justify-content-center align-items-center pos-rel perspective   \">\n\t\t\t<div class=\"ld-flipbox-wrap w-100 pos-rel transform-style-3d\">\n\t\t\t\t<div id=\"front-cd718e7\" class=\"ld-flipbox-face ld-flipbox-front d-flex flex-column w-100 backface-hidden transform-style-3d\">\n\t\t\t\t\t\t<span class=\"ld-flipbox-overlay lqd-overlay\">\n\t\t\t\t\t\t<\/span><div class=\"ld-flipbox-inner w-100 flex-grow-1 align-items-center justify-content-center backface-hidden\"><\/div><\/div><div id=\"back-cd718e7\" class=\"ld-flipbox-face ld-flipbox-back d-flex flex-column lqd-overlay backface-hidden transform-style-3d\">\n\t\t\t\t\t\t<span class=\"ld-flipbox-overlay lqd-overlay\">\n\t\t\t\t\t\t<\/span><div class=\"ld-flipbox-inner d-flex flex-column flex-grow-1 align-items-center justify-content-center w-100 backface-hidden\"><\/div><\/div>\t\t\t<\/div>\n\t\t<\/div>\n\t\t\t\t<\/div>\n\t\t\t\t<\/div>\n\t\t\t\t<\/div>\n\t\t<div class=\"elementor-element elementor-element-119cbe1 e-con-full e-flex e-con e-child\" data-id=\"119cbe1\" data-element_type=\"container\">\n\t\t\t\t<div class=\"elementor-element elementor-element-c3e1943 elementor-widget elementor-widget-ld_flipbox\" data-id=\"c3e1943\" data-element_type=\"widget\" data-widget_type=\"ld_flipbox.default\">\n\t\t\t\t<div class=\"elementor-widget-container\">\n\t\t\t\t\t<div class=\"ld-flipbox d-flex flex-column justify-content-center align-items-center pos-rel perspective   \">\n\t\t\t<div class=\"ld-flipbox-wrap w-100 pos-rel transform-style-3d\">\n\t\t\t\t<div id=\"front-c3e1943\" class=\"ld-flipbox-face ld-flipbox-front d-flex flex-column w-100 backface-hidden transform-style-3d\">\n\t\t\t\t\t\t<span class=\"ld-flipbox-overlay lqd-overlay\">\n\t\t\t\t\t\t<\/span><div class=\"ld-flipbox-inner w-100 flex-grow-1 align-items-center justify-content-center backface-hidden\"><\/div><\/div><div id=\"back-c3e1943\" class=\"ld-flipbox-face ld-flipbox-back d-flex flex-column lqd-overlay backface-hidden transform-style-3d\">\n\t\t\t\t\t\t<span class=\"ld-flipbox-overlay lqd-overlay\">\n\t\t\t\t\t\t<\/span><div class=\"ld-flipbox-inner d-flex flex-column flex-grow-1 align-items-center justify-content-center w-100 backface-hidden\"><\/div><\/div>\t\t\t<\/div>\n\t\t<\/div>\n\t\t\t\t<\/div>\n\t\t\t\t<\/div>\n\t\t\t\t<\/div>\n\t\t<div class=\"elementor-element elementor-element-3ab06dd e-con-full e-flex e-con e-child\" data-id=\"3ab06dd\" data-element_type=\"container\">\n\t\t\t\t<div class=\"elementor-element elementor-element-d5a1be5 elementor-widget elementor-widget-ld_flipbox\" data-id=\"d5a1be5\" data-element_type=\"widget\" data-widget_type=\"ld_flipbox.default\">\n\t\t\t\t<div class=\"elementor-widget-container\">\n\t\t\t\t\t<div class=\"ld-flipbox d-flex flex-column justify-content-center align-items-center pos-rel perspective   \">\n\t\t\t<div class=\"ld-flipbox-wrap w-100 pos-rel transform-style-3d\">\n\t\t\t\t<div id=\"front-d5a1be5\" class=\"ld-flipbox-face ld-flipbox-front d-flex flex-column w-100 backface-hidden transform-style-3d\">\n\t\t\t\t\t\t<span class=\"ld-flipbox-overlay lqd-overlay\">\n\t\t\t\t\t\t<\/span><div class=\"ld-flipbox-inner w-100 flex-grow-1 align-items-center justify-content-center backface-hidden\"><\/div><\/div><div id=\"back-d5a1be5\" class=\"ld-flipbox-face ld-flipbox-back d-flex flex-column lqd-overlay backface-hidden transform-style-3d\">\n\t\t\t\t\t\t<span class=\"ld-flipbox-overlay lqd-overlay\">\n\t\t\t\t\t\t<\/span><div class=\"ld-flipbox-inner d-flex flex-column flex-grow-1 align-items-center justify-content-center w-100 backface-hidden\"><\/div><\/div>\t\t\t<\/div>\n\t\t<\/div>\n\t\t\t\t<\/div>\n\t\t\t\t<\/div>\n\t\t\t\t<\/div>\n\t\t<div class=\"elementor-element elementor-element-5cf24b6 e-con-full e-flex e-con e-child\" data-id=\"5cf24b6\" data-element_type=\"container\">\n\t\t\t\t<div class=\"elementor-element elementor-element-c6340c9 elementor-widget elementor-widget-ld_flipbox\" data-id=\"c6340c9\" data-element_type=\"widget\" data-widget_type=\"ld_flipbox.default\">\n\t\t\t\t<div class=\"elementor-widget-container\">\n\t\t\t\t\t<div class=\"ld-flipbox d-flex flex-column justify-content-center align-items-center pos-rel perspective   \">\n\t\t\t<div class=\"ld-flipbox-wrap w-100 pos-rel transform-style-3d\">\n\t\t\t\t<div id=\"front-c6340c9\" class=\"ld-flipbox-face ld-flipbox-front d-flex flex-column w-100 backface-hidden transform-style-3d\">\n\t\t\t\t\t\t<span class=\"ld-flipbox-overlay lqd-overlay\">\n\t\t\t\t\t\t<\/span><div class=\"ld-flipbox-inner w-100 flex-grow-1 align-items-center justify-content-center backface-hidden\"><\/div><\/div><div id=\"back-c6340c9\" class=\"ld-flipbox-face ld-flipbox-back d-flex flex-column lqd-overlay backface-hidden transform-style-3d\">\n\t\t\t\t\t\t<span class=\"ld-flipbox-overlay lqd-overlay\">\n\t\t\t\t\t\t<\/span><div class=\"ld-flipbox-inner d-flex flex-column flex-grow-1 align-items-center justify-content-center w-100 backface-hidden\"><\/div><\/div>\t\t\t<\/div>\n\t\t<\/div>\n\t\t\t\t<\/div>\n\t\t\t\t<\/div>\n\t\t\t\t<\/div>\n\t\t\t\t\t<\/div>\n\t\t\t\t<\/div>\n\t\t<div class=\"elementor-element elementor-element-1691a56 elementor-hidden-desktop elementor-hidden-tablet elementor-hidden-mobile e-flex e-con-boxed e-con e-parent\" data-id=\"1691a56\" data-element_type=\"container\" data-settings=\"{&quot;background_background&quot;:&quot;classic&quot;}\">\n\t\t\t\t\t<div class=\"e-con-inner\">\n\t\t\t\t<div class=\"elementor-element elementor-element-7cd626b elementor-widget elementor-widget-text-editor\" data-id=\"7cd626b\" data-element_type=\"widget\" data-widget_type=\"text-editor.default\">\n\t\t\t\t<div class=\"elementor-widget-container\">\n\t\t\t\t\t\t\t<p style=\"text-align: center;\">Registrate para descargar la presentaci\u00f3n y conocer m\u00e1s sobre este gran proyecto<\/p>\t\t\t\t\t\t<\/div>\n\t\t\t\t<\/div>\n\t\t\t\t<div class=\"elementor-element elementor-element-dc29677 elementor-widget elementor-widget-wpforms\" data-id=\"dc29677\" data-element_type=\"widget\" data-widget_type=\"wpforms.default\">\n\t\t\t\t<div class=\"elementor-widget-container\">\n\t\t\t<div class=\"wpforms-container wpforms-container-full\" id=\"wpforms-2433\"><form id=\"wpforms-form-2433\" class=\"wpforms-validate wpforms-form wpforms-ajax-form\" data-formid=\"2433\" method=\"post\" enctype=\"multipart\/form-data\" action=\"\/index.php\/wp-json\/wp\/v2\/pages\/1730\" data-token=\"be32d005e521a1d722cc5dfcdfc30baf\"><noscript class=\"wpforms-error-noscript\">Please enable JavaScript in your browser to complete this form.<\/noscript><div class=\"wpforms-field-container\"><div id=\"wpforms-2433-field_1-container\" class=\"wpforms-field wpforms-field-text\" data-field-id=\"1\"><label class=\"wpforms-field-label wpforms-label-hide\" for=\"wpforms-2433-field_1\">Nombre<\/label><input type=\"text\" id=\"wpforms-2433-field_1\" class=\"wpforms-field-large\" name=\"wpforms[fields][1]\" value=\"Nombre\" ><\/div><div id=\"wpforms-2433-field_2-container\" class=\"wpforms-field wpforms-field-text\" data-field-id=\"2\"><label class=\"wpforms-field-label wpforms-label-hide\" for=\"wpforms-2433-field_2\">Tel\u00e9fono <span class=\"wpforms-required-label\">*<\/span><\/label><input type=\"text\" id=\"wpforms-2433-field_2\" class=\"wpforms-field-large wpforms-field-required\" name=\"wpforms[fields][2]\" placeholder=\"Tel\u00e9fono \" required><\/div><div id=\"wpforms-2433-field_3-container\" class=\"wpforms-field wpforms-field-email\" data-field-id=\"3\"><label class=\"wpforms-field-label wpforms-label-hide\" for=\"wpforms-2433-field_3\">Email <span class=\"wpforms-required-label\">*<\/span><\/label><input type=\"email\" id=\"wpforms-2433-field_3\" class=\"wpforms-field-large wpforms-field-required\" name=\"wpforms[fields][3]\" placeholder=\"Correo \" required><\/div><div id=\"wpforms-2433-field_4-container\" class=\"wpforms-field wpforms-field-gdpr-checkbox\" data-field-id=\"4\"><label class=\"wpforms-field-label wpforms-label-hide\" for=\"wpforms-2433-field_4\">GDPR Agreement <span class=\"wpforms-required-label\">*<\/span><\/label><ul id=\"wpforms-2433-field_4\" class=\"wpforms-field-required\"><li class=\"choice-1\"><input type=\"checkbox\" id=\"wpforms-2433-field_4_1\" name=\"wpforms[fields][4][]\" value=\"Click aqui para descarga automatica \" required ><label class=\"wpforms-field-label-inline\" for=\"wpforms-2433-field_4_1\">Click aqui para descarga automatica  <span class=\"wpforms-required-label\">*<\/span><\/label><\/li><\/ul><\/div><\/div><div class=\"wpforms-submit-container\"><input type=\"hidden\" name=\"wpforms[id]\" value=\"2433\"><input type=\"hidden\" name=\"wpforms[author]\" value=\"2\"><button type=\"submit\" name=\"wpforms[submit]\" id=\"wpforms-submit-2433\" class=\"wpforms-submit\" data-alt-text=\"Enviando...\" data-submit-text=\"Envia y descarga brochure\" aria-live=\"assertive\" value=\"wpforms-submit\">Envia y descarga brochure<\/button><img decoding=\"async\" src=\"https:\/\/propertytraders.com.mx\/wp-content\/plugins\/wpforms-lite\/assets\/images\/submit-spin.svg\" class=\"wpforms-submit-spinner\" style=\"display: none;\" width=\"26\" height=\"26\" alt=\"Loading\"><\/div><\/form><\/div>  <!-- .wpforms-container -->\t\t<\/div>\n\t\t\t\t<\/div>\n\t\t\t\t\t<\/div>\n\t\t\t\t<\/div>\n\t\t\t\t<\/div>\n\t\t","protected":false},"excerpt":{"rendered":"<p>Descubre un esquema de inversi\u00f3n exclusivo en propiedades de muy alto valor en Daytona Beach, dise\u00f1ado para ofrecer una oportunidad lucrativa a inversionistas en M\u00e9xico. Aprovecha rendimientos en d\u00f3lares que oscilan entre el 9% y el 11%, asegurando tu patrimonio con garant\u00eda. \u00bfPor qu\u00e9 invertir en Daytona? Registrate para descargar la presentaci\u00f3n y conocer m\u00e1s [&hellip;]<\/p>\n","protected":false},"author":2,"featured_media":1825,"parent":0,"menu_order":0,"comment_status":"closed","ping_status":"closed","template":"","meta":[],"_links":{"self":[{"href":"https:\/\/propertytraders.com.mx\/index.php\/wp-json\/wp\/v2\/pages\/1730"}],"collection":[{"href":"https:\/\/propertytraders.com.mx\/index.php\/wp-json\/wp\/v2\/pages"}],"about":[{"href":"https:\/\/propertytraders.com.mx\/index.php\/wp-json\/wp\/v2\/types\/page"}],"author":[{"embeddable":true,"href":"https:\/\/propertytraders.com.mx\/index.php\/wp-json\/wp\/v2\/users\/2"}],"replies":[{"embeddable":true,"href":"https:\/\/propertytraders.com.mx\/index.php\/wp-json\/wp\/v2\/comments?post=1730"}],"version-history":[{"count":451,"href":"https:\/\/propertytraders.com.mx\/index.php\/wp-json\/wp\/v2\/pages\/1730\/revisions"}],"predecessor-version":[{"id":4853,"href":"https:\/\/propertytraders.com.mx\/index.php\/wp-json\/wp\/v2\/pages\/1730\/revisions\/4853"}],"wp:featuredmedia":[{"embeddable":true,"href":"https:\/\/propertytraders.com.mx\/index.php\/wp-json\/wp\/v2\/media\/1825"}],"wp:attachment":[{"href":"https:\/\/propertytraders.com.mx\/index.php\/wp-json\/wp\/v2\/media?parent=1730"}],"curies":[{"name":"wp","href":"https:\/\/api.w.org\/{rel}","templated":true}]}}