{"id":1380,"date":"2023-04-22T07:05:12","date_gmt":"2023-04-22T07:05:12","guid":{"rendered":"https:\/\/propertytraders.com.mx\/?page_id=1380"},"modified":"2023-04-22T07:09:50","modified_gmt":"2023-04-22T07:09:50","slug":"elementor-1380","status":"publish","type":"page","link":"https:\/\/propertytraders.com.mx\/index.php\/elementor-1380\/","title":{"rendered":"Politica de privacidad."},"content":{"rendered":"\t\t<div data-elementor-type=\"wp-page\" data-elementor-id=\"1380\" class=\"elementor elementor-1380\">\n\t\t\t\t<div class=\"elementor-element elementor-element-6dd4c24 e-flex e-con-boxed e-con e-parent\" data-id=\"6dd4c24\" data-element_type=\"container\">\n\t\t\t\t\t<div class=\"e-con-inner\">\n\t\t\t\t\t<\/div>\n\t\t\t\t<\/div>\n\t\t<div class=\"elementor-element elementor-element-5cad4de e-flex e-con-boxed e-con e-parent\" data-id=\"5cad4de\" data-element_type=\"container\">\n\t\t\t\t\t<div class=\"e-con-inner\">\n\t\t\t\t<div class=\"elementor-element elementor-element-a563207 elementor-widget elementor-widget-heading\" data-id=\"a563207\" data-element_type=\"widget\" data-widget_type=\"heading.default\">\n\t\t\t\t<div class=\"elementor-widget-container\">\n\t\t\t<style>\/*! elementor - v3.23.0 - 05-08-2024 *\/\n.elementor-heading-title{padding:0;margin:0;line-height:1}.elementor-widget-heading .elementor-heading-title[class*=elementor-size-]>a{color:inherit;font-size:inherit;line-height:inherit}.elementor-widget-heading .elementor-heading-title.elementor-size-small{font-size:15px}.elementor-widget-heading .elementor-heading-title.elementor-size-medium{font-size:19px}.elementor-widget-heading .elementor-heading-title.elementor-size-large{font-size:29px}.elementor-widget-heading .elementor-heading-title.elementor-size-xl{font-size:39px}.elementor-widget-heading .elementor-heading-title.elementor-size-xxl{font-size:59px}<\/style><h2 class=\"elementor-heading-title elementor-size-default\">Politica de privacidad.<\/h2>\t\t<\/div>\n\t\t\t\t<\/div>\n\t\t\t\t<div class=\"elementor-element elementor-element-82fd050 elementor-widget elementor-widget-text-editor\" data-id=\"82fd050\" data-element_type=\"widget\" data-widget_type=\"text-editor.default\">\n\t\t\t\t<div class=\"elementor-widget-container\">\n\t\t\t<style>\/*! elementor - v3.23.0 - 05-08-2024 *\/\n.elementor-widget-text-editor.elementor-drop-cap-view-stacked .elementor-drop-cap{background-color:#69727d;color:#fff}.elementor-widget-text-editor.elementor-drop-cap-view-framed .elementor-drop-cap{color:#69727d;border:3px solid;background-color:transparent}.elementor-widget-text-editor:not(.elementor-drop-cap-view-default) .elementor-drop-cap{margin-top:8px}.elementor-widget-text-editor:not(.elementor-drop-cap-view-default) .elementor-drop-cap-letter{width:1em;height:1em}.elementor-widget-text-editor .elementor-drop-cap{float:left;text-align:center;line-height:1;font-size:50px}.elementor-widget-text-editor .elementor-drop-cap-letter{display:inline-block}<\/style>\t\t\t\t<p><strong>PropertyTraders.online\u00a0<\/strong> se compromete a proteger y respetar tu privacidad. Esta pol\u00edtica de privacidad establece c\u00f3mo procesamos cualquier informaci\u00f3n personal que recopilamos de ti o que nos proporcionas al utilizar nuestro sitio web https:\/\/propertytraders.com.mx.<\/p><p>Al visitar nuestro sitio, aceptas y consientes las pr\u00e1cticas descritas en esta pol\u00edtica de privacidad. Si no est\u00e1s de acuerdo con esta pol\u00edtica, por favor no utilices nuestro sitio.<\/p><p><strong>INFORMACI\u00d3N QUE RECOPILAMOS<\/strong><\/p><p>Podemos recopilar y procesar los siguientes datos sobre ti:<\/p><p>Informaci\u00f3n que nos proporcionas: puedes proporcionarnos informaci\u00f3n sobre ti al completar formularios en nuestro sitio o al comunicarte con nosotros por tel\u00e9fono, correo electr\u00f3nico o de otra manera. La informaci\u00f3n que nos proporcionas puede incluir tu nombre, direcci\u00f3n, direcci\u00f3n de correo electr\u00f3nico y n\u00famero de tel\u00e9fono.<br \/>Informaci\u00f3n que recopilamos autom\u00e1ticamente: podemos recopilar informaci\u00f3n sobre tu visita a nuestro sitio, incluyendo la fecha y hora de acceso, la p\u00e1gina web desde la que llegaste a nuestro sitio, las p\u00e1ginas que visitaste y el software que utilizaste para acceder a nuestro sitio.<br \/><br \/><strong>USO DE TU INFORMACI\u00d3N PERSONAL<\/strong><\/p><p>Podemos utilizar tu informaci\u00f3n personal de las siguientes maneras:<\/p><p>Para administrar nuestro sitio y para fines internos, incluyendo resoluci\u00f3n de problemas, an\u00e1lisis de datos, pruebas, investigaci\u00f3n, estad\u00edsticas y encuestas.<br \/>Para mejorar nuestro sitio y garantizar que el contenido se presente de la manera m\u00e1s efectiva para ti y para tu dispositivo.<br \/>Para comunicarnos contigo sobre los servicios que te hemos proporcionado o para informarte sobre los cambios en nuestra pol\u00edtica de privacidad.<br \/><br \/><strong>DIVULGACI\u00d3N DE TU INFORMACI\u00d3N PERSONAL<\/strong><\/p><p>Podemos compartir tu informaci\u00f3n personal con terceros en las siguientes situaciones:<\/p><p>Si estamos obligados a hacerlo por ley.<br \/>Si vendemos o compramos cualquier negocio o activo, en cuyo caso podemos divulgar tu informaci\u00f3n personal al posible vendedor o comprador de dicho negocio o activo.<br \/>Para cumplir cualquier otro prop\u00f3sito revelado por nosotros cuando nos proporcionaste tu informaci\u00f3n.<br \/><br \/><strong>SEGURIDAD DE TU INFORMACI\u00d3N PERSONAL<\/strong><\/p><p>Hemos implementado medidas de seguridad para proteger tu informaci\u00f3n personal contra accesos no autorizados, alteraciones, divulgaciones o destrucciones.<\/p><p>Tus datos personales ser\u00e1n tratados con la confidencialidad y la seguridad que los mismos requieren. Nos comprometemos a tratar dichos datos con la debida diligencia y responsabilidad.<\/p><p><strong>TUS DERECHOS<\/strong><\/p><p>Tienes derecho a acceder a la informaci\u00f3n personal que poseemos sobre ti y a solicitar que se corrijan, modifiquen o eliminen datos personales que se encuentren incompletos, inexistentes, inexactos o desactualizados.<\/p><p>Tambi\u00e9n tienes derecho a oponerte al tratamiento de tus datos personales y a la transferencia de los mismos.<\/p><p><strong>CAMBIOS A ESTA POL\u00cdTICA DE PRIVACIDAD<\/strong><\/p><p>Podemos modificar esta pol\u00edtica de privacidad en cualquier momento. Cualquier cambio que hagamos a esta pol\u00edtica ser\u00e1 publicado en esta p\u00e1gina.<\/p><p><strong>CONTACTO<\/strong><\/p><p>Si tienes alguna pregunta sobre esta pol\u00edtica de privacidad o sobre c\u00f3mo procesamos tu informaci\u00f3n personal, puedes contactarnos<\/p><p>en la siguiente direcci\u00f3n de correo electr\u00f3nico: <a href=\"mailto:info@propertytraders.com.mx\">info@propertytraders.com.mx<\/a><\/p><p>Si deseas ejercer cualquiera de tus derechos o presentar una queja en relaci\u00f3n con el procesamiento de tu informaci\u00f3n personal, puedes contactarnos a la direcci\u00f3n anteriormente mencionada y haremos todo lo posible para resolver tus inquietudes.<\/p><p>Tambi\u00e9n tienes derecho a presentar una queja ante la autoridad supervisora correspondiente en tu jurisdicci\u00f3n.<\/p><p><strong>CONSENTIMIENTO<\/strong><\/p><p>Al utilizar nuestro sitio web, aceptas y consientes el procesamiento de tu informaci\u00f3n personal de acuerdo con los t\u00e9rminos de esta pol\u00edtica de privacidad.<\/p><p>Gracias por confiar en PropertyTraders.online y en nuestra pol\u00edtica de privacidad para proteger tus datos personales.<\/p>\t\t\t\t\t\t<\/div>\n\t\t\t\t<\/div>\n\t\t\t\t\t<\/div>\n\t\t\t\t<\/div>\n\t\t\t\t<\/div>\n\t\t","protected":false},"excerpt":{"rendered":"<p>Politica de privacidad. PropertyTraders.online\u00a0 se compromete a proteger y respetar tu privacidad. Esta pol\u00edtica de privacidad establece c\u00f3mo procesamos cualquier informaci\u00f3n personal que recopilamos de ti o que nos proporcionas al utilizar nuestro sitio web https:\/\/propertytraders.com.mx. Al visitar nuestro sitio, aceptas y consientes las pr\u00e1cticas descritas en esta pol\u00edtica de privacidad. Si no est\u00e1s de [&hellip;]<\/p>\n","protected":false},"author":1,"featured_media":0,"parent":0,"menu_order":0,"comment_status":"closed","ping_status":"closed","template":"","meta":[],"_links":{"self":[{"href":"https:\/\/propertytraders.com.mx\/index.php\/wp-json\/wp\/v2\/pages\/1380"}],"collection":[{"href":"https:\/\/propertytraders.com.mx\/index.php\/wp-json\/wp\/v2\/pages"}],"about":[{"href":"https:\/\/propertytraders.com.mx\/index.php\/wp-json\/wp\/v2\/types\/page"}],"author":[{"embeddable":true,"href":"https:\/\/propertytraders.com.mx\/index.php\/wp-json\/wp\/v2\/users\/1"}],"replies":[{"embeddable":true,"href":"https:\/\/propertytraders.com.mx\/index.php\/wp-json\/wp\/v2\/comments?post=1380"}],"version-history":[{"count":10,"href":"https:\/\/propertytraders.com.mx\/index.php\/wp-json\/wp\/v2\/pages\/1380\/revisions"}],"predecessor-version":[{"id":1391,"href":"https:\/\/propertytraders.com.mx\/index.php\/wp-json\/wp\/v2\/pages\/1380\/revisions\/1391"}],"wp:attachment":[{"href":"https:\/\/propertytraders.com.mx\/index.php\/wp-json\/wp\/v2\/media?parent=1380"}],"curies":[{"name":"wp","href":"https:\/\/api.w.org\/{rel}","templated":true}]}}